{"id":1147,"date":"2025-12-22T16:09:46","date_gmt":"2025-12-22T16:09:46","guid":{"rendered":"https:\/\/winnerorganisations.com\/v1\/?page_id=1147"},"modified":"2025-12-25T08:52:56","modified_gmt":"2025-12-25T08:52:56","slug":"about-us","status":"publish","type":"page","link":"https:\/\/winnerorganisations.com\/v1\/index.php\/about-us\/","title":{"rendered":"About us"},"content":{"rendered":"\t\t<div data-elementor-type=\"wp-page\" data-elementor-id=\"1147\" class=\"elementor elementor-1147\">\n\t\t\t\t<div class=\"elementor-element elementor-element-2217b8be e-con-full e-flex e-con e-parent\" data-id=\"2217b8be\" data-element_type=\"container\" data-e-type=\"container\" data-settings=\"{&quot;background_background&quot;:&quot;classic&quot;}\">\n\t\t\t\t<\/div>\n\t\t<div class=\"elementor-element elementor-element-dff568a e-flex e-con-boxed e-con e-parent\" data-id=\"dff568a\" data-element_type=\"container\" data-e-type=\"container\">\n\t\t\t\t\t<div class=\"e-con-inner\">\n\t\t<div class=\"elementor-element elementor-element-30ee8fb e-con-full e-flex e-con e-child\" data-id=\"30ee8fb\" data-element_type=\"container\" data-e-type=\"container\">\n\t\t\t\t<div class=\"elementor-element elementor-element-ab82068 elementor-widget elementor-widget-text-editor\" data-id=\"ab82068\" data-element_type=\"widget\" data-e-type=\"widget\" data-widget_type=\"text-editor.default\">\n\t\t\t\t\t\t\t\t\t<h1 style=\"font-weight: 400;\"><strong>WANT TO BE A WINNER?<\/strong><\/h1><p style=\"font-weight: 400;\"><strong>OFFICIAL EVENTS &amp; ORGANISATIONS COMPANY OF THE NORWEGIAN TENNIS FEDERATION<\/strong><\/p><p style=\"font-weight: 400;\">Starting from July 2011, Winner Events \u00a0is the official Events &amp; Organisations Company of the Norwegian Tennis Federation and is professionally operating in Antalya.<\/p><p style=\"font-weight: 400;\">We are organizing sport training camps, tournaments, friendly matches and high quality accommodations for sports teams of all levels, all kinds of Federations and their members.<\/p><p style=\"font-weight: 400;\"><strong>EXPERIENCE &amp; KNOWLEDGE OF THE SECTOR + GOOD RELATIONS WITH ALL PARTNERS = SUCCESS OF WINNER EVENTS<\/strong><\/p><p style=\"font-weight: 400;\">The power of the young and professional Winner Events team comes from our experience and knowledge in the accommodation and hospitality sector, which we have gained as Sales Managers in one of the most famous and luxurious Hotel chains of Turkey.\u00a0 Our friendly dialogues and strong operational relations with our partner Hotels take us one step ahead of our competitors, ensuring the best available rates, promptness and operational advantage.<strong>\u00a0<\/strong><\/p><p style=\"font-weight: 400;\"><strong>BEST WEATHER CONDITIONS FOR OUTDOOR SPORTS<\/strong><\/p><p style=\"font-weight: 400;\">Having \u00a010 \u00bd months of sunny weather with just 47 rainy days and with temperatures hardly under 8\u00b0C during the winter season, Antalya has \u00a0the best weather conditions for Outdoor Sports.<\/p><p style=\"font-weight: 400;\">&#8212;<\/p><p style=\"font-weight: 400;\"><strong>WE KNOW YOUR NEEDS, BECAUSE WE ARE INSIDERS<\/strong><\/p><p style=\"font-weight: 400;\">Being a sports insider oneself, our team can proudly organize local players or teams at all levels from all sports branches for match organisations on site.<\/p><p style=\"font-weight: 400;\">Sports develop with competition. Being aware of this, Winner Events divides its 7 day camp packages into 5-6 days of private training and the last 1-2 days for competition matches with other countries or local Antalya athletes.<\/p>\t\t\t\t\t\t\t\t<\/div>\n\t\t\t\t<\/div>\n\t\t\t\t\t<\/div>\n\t\t\t\t<\/div>\n\t\t<div class=\"elementor-element elementor-element-374beb6 e-flex e-con-boxed e-con e-parent\" data-id=\"374beb6\" data-element_type=\"container\" data-e-type=\"container\">\n\t\t\t\t\t<div class=\"e-con-inner\">\n\t\t<div class=\"elementor-element elementor-element-d6bfdcc e-con-full e-flex e-con e-child\" data-id=\"d6bfdcc\" data-element_type=\"container\" data-e-type=\"container\">\n\t\t\t\t<div class=\"elementor-element elementor-element-1a9fea2 elementor-widget elementor-widget-text-editor\" data-id=\"1a9fea2\" data-element_type=\"widget\" data-e-type=\"widget\" data-widget_type=\"text-editor.default\">\n\t\t\t\t\t\t\t\t\t<p><strong>WINNERS\u2019 EVENTS &amp; ORGANISATIONS<\/strong><\/p><p><strong>Mobile:<\/strong>\u00a0+ 90 532 777 92 57<br \/><strong>Email:<\/strong> <a href=\"mailto:bb@winnerorganisations.com\">bb@winnerorganisations.com<\/a><br \/><strong>Web-Site:<\/strong>\u00a0<a href=\"http:\/\/www.winnerorganisations.com\/\">www.winnerorganisations.com<\/a><br \/><strong>Facebook:<\/strong>\u00a0Bilgehan Winner<br \/><strong>Instagram :<\/strong>\u00a0Winners.Events<br \/><strong>Adress :<\/strong> Bah\u00e7eli Evler Mh Konyaalt\u0131\u00a0Cad.\u00c7ak\u0131rlarl\u0131o\u011flu Ap B Blok no56\/1\u00a0D5 Muratpa\u015fa- Antalya \/ T\u00dcRK\u0130YE<\/p>\t\t\t\t\t\t\t\t<\/div>\n\t\t\t\t<div class=\"elementor-element elementor-element-cef6ec6 elementor-widget elementor-widget-google_maps\" data-id=\"cef6ec6\" data-element_type=\"widget\" data-e-type=\"widget\" data-widget_type=\"google_maps.default\">\n\t\t\t\t\t\t\t<div class=\"elementor-custom-embed\">\n\t\t\t<iframe loading=\"lazy\"\n\t\t\t\t\tsrc=\"https:\/\/maps.google.com\/maps?q=London%20Eye%2C%20London%2C%20United%20Kingdom&#038;t=m&#038;z=10&#038;output=embed&#038;iwloc=near\"\n\t\t\t\t\ttitle=\"London Eye, London, United Kingdom\"\n\t\t\t\t\taria-label=\"London Eye, London, United Kingdom\"\n\t\t\t><\/iframe>\n\t\t<\/div>\n\t\t\t\t\t\t<\/div>\n\t\t\t\t<\/div>\n\t\t<div class=\"elementor-element elementor-element-edbedf3 e-con-full e-flex e-con e-child\" data-id=\"edbedf3\" data-element_type=\"container\" data-e-type=\"container\">\n\t\t\t\t<div class=\"elementor-element elementor-element-4117e0e elementor-widget elementor-widget-shortcode\" data-id=\"4117e0e\" data-element_type=\"widget\" data-e-type=\"widget\" data-widget_type=\"shortcode.default\">\n\t\t\t\t\t\t\t<div class=\"elementor-shortcode\">\n<div class=\"wpcf7 no-js\" id=\"wpcf7-f428-o1\" lang=\"en-US\" dir=\"ltr\" data-wpcf7-id=\"428\">\n<div class=\"screen-reader-response\"><p role=\"status\" aria-live=\"polite\" aria-atomic=\"true\"><\/p> <ul><\/ul><\/div>\n<form action=\"\/v1\/index.php\/wp-json\/wp\/v2\/pages\/1147#wpcf7-f428-o1\" method=\"post\" class=\"wpcf7-form init\" aria-label=\"Contact form\" novalidate=\"novalidate\" data-status=\"init\">\n<fieldset class=\"hidden-fields-container\"><input type=\"hidden\" name=\"_wpcf7\" value=\"428\" \/><input type=\"hidden\" name=\"_wpcf7_version\" value=\"6.1.5\" \/><input type=\"hidden\" name=\"_wpcf7_locale\" value=\"en_US\" \/><input type=\"hidden\" name=\"_wpcf7_unit_tag\" value=\"wpcf7-f428-o1\" \/><input type=\"hidden\" name=\"_wpcf7_container_post\" value=\"0\" \/><input type=\"hidden\" name=\"_wpcf7_posted_data_hash\" value=\"\" \/>\n<\/fieldset>\n<p><label> Your name<br \/>\n<span class=\"wpcf7-form-control-wrap\" data-name=\"your-name\"><input size=\"40\" maxlength=\"400\" class=\"wpcf7-form-control wpcf7-text wpcf7-validates-as-required\" autocomplete=\"name\" aria-required=\"true\" aria-invalid=\"false\" value=\"\" type=\"text\" name=\"your-name\" \/><\/span> <\/label>\n<\/p>\n<p><label> Your email<br \/>\n<span class=\"wpcf7-form-control-wrap\" data-name=\"your-email\"><input size=\"40\" maxlength=\"400\" class=\"wpcf7-form-control wpcf7-email wpcf7-validates-as-required wpcf7-text wpcf7-validates-as-email\" autocomplete=\"email\" aria-required=\"true\" aria-invalid=\"false\" value=\"\" type=\"email\" name=\"your-email\" \/><\/span> <\/label>\n<\/p>\n<p><label> Subject<br \/>\n<span class=\"wpcf7-form-control-wrap\" data-name=\"your-subject\"><input size=\"40\" maxlength=\"400\" class=\"wpcf7-form-control wpcf7-text wpcf7-validates-as-required\" aria-required=\"true\" aria-invalid=\"false\" value=\"\" type=\"text\" name=\"your-subject\" \/><\/span> <\/label>\n<\/p>\n<p><label> Your message (optional)<br \/>\n<span class=\"wpcf7-form-control-wrap\" data-name=\"your-message\"><textarea cols=\"40\" rows=\"10\" maxlength=\"2000\" class=\"wpcf7-form-control wpcf7-textarea\" aria-invalid=\"false\" name=\"your-message\"><\/textarea><\/span> <\/label>\n<\/p>\n<p><input class=\"wpcf7-form-control wpcf7-submit has-spinner\" type=\"submit\" value=\"Submit\" \/>\n<\/p><div class=\"wpcf7-response-output\" aria-hidden=\"true\"><\/div>\n<\/form>\n<\/div>\n<\/div>\n\t\t\t\t\t\t<\/div>\n\t\t\t\t<\/div>\n\t\t\t\t\t<\/div>\n\t\t\t\t<\/div>\n\t\t\t\t<\/div>\n\t\t","protected":false},"excerpt":{"rendered":"<p>WANT TO BE A WINNER? OFFICIAL EVENTS &amp; ORGANISATIONS COMPANY OF THE NORWEGIAN TENNIS FEDERATION Starting from July 2011, Winner Events \u00a0is the official Events &amp; Organisations Company of the Norwegian Tennis Federation and is professionally operating in Antalya. We are organizing sport training camps, tournaments, friendly matches and high quality accommodations for sports teams [&hellip;]<\/p>\n","protected":false},"author":1,"featured_media":0,"parent":0,"menu_order":0,"comment_status":"closed","ping_status":"closed","template":"elementor_canvas","meta":{"ocean_post_layout":"","ocean_both_sidebars_style":"","ocean_both_sidebars_content_width":0,"ocean_both_sidebars_sidebars_width":0,"ocean_sidebar":"","ocean_second_sidebar":"","ocean_disable_margins":"enable","ocean_add_body_class":"","ocean_shortcode_before_top_bar":"","ocean_shortcode_after_top_bar":"","ocean_shortcode_before_header":"","ocean_shortcode_after_header":"","ocean_has_shortcode":"","ocean_shortcode_after_title":"","ocean_shortcode_before_footer_widgets":"","ocean_shortcode_after_footer_widgets":"","ocean_shortcode_before_footer_bottom":"","ocean_shortcode_after_footer_bottom":"","ocean_display_top_bar":"default","ocean_display_header":"default","ocean_header_style":"","ocean_center_header_left_menu":"","ocean_custom_header_template":"","ocean_custom_logo":0,"ocean_custom_retina_logo":0,"ocean_custom_logo_max_width":0,"ocean_custom_logo_tablet_max_width":0,"ocean_custom_logo_mobile_max_width":0,"ocean_custom_logo_max_height":0,"ocean_custom_logo_tablet_max_height":0,"ocean_custom_logo_mobile_max_height":0,"ocean_header_custom_menu":"","ocean_menu_typo_font_family":"","ocean_menu_typo_font_subset":"","ocean_menu_typo_font_size":0,"ocean_menu_typo_font_size_tablet":0,"ocean_menu_typo_font_size_mobile":0,"ocean_menu_typo_font_size_unit":"px","ocean_menu_typo_font_weight":"","ocean_menu_typo_font_weight_tablet":"","ocean_menu_typo_font_weight_mobile":"","ocean_menu_typo_transform":"","ocean_menu_typo_transform_tablet":"","ocean_menu_typo_transform_mobile":"","ocean_menu_typo_line_height":0,"ocean_menu_typo_line_height_tablet":0,"ocean_menu_typo_line_height_mobile":0,"ocean_menu_typo_line_height_unit":"","ocean_menu_typo_spacing":0,"ocean_menu_typo_spacing_tablet":0,"ocean_menu_typo_spacing_mobile":0,"ocean_menu_typo_spacing_unit":"","ocean_menu_link_color":"","ocean_menu_link_color_hover":"","ocean_menu_link_color_active":"","ocean_menu_link_background":"","ocean_menu_link_hover_background":"","ocean_menu_link_active_background":"","ocean_menu_social_links_bg":"","ocean_menu_social_hover_links_bg":"","ocean_menu_social_links_color":"","ocean_menu_social_hover_links_color":"","ocean_disable_title":"default","ocean_disable_heading":"default","ocean_post_title":"","ocean_post_subheading":"","ocean_post_title_style":"","ocean_post_title_background_color":"","ocean_post_title_background":0,"ocean_post_title_bg_image_position":"","ocean_post_title_bg_image_attachment":"","ocean_post_title_bg_image_repeat":"","ocean_post_title_bg_image_size":"","ocean_post_title_height":0,"ocean_post_title_bg_overlay":0.5,"ocean_post_title_bg_overlay_color":"","ocean_disable_breadcrumbs":"default","ocean_breadcrumbs_color":"","ocean_breadcrumbs_separator_color":"","ocean_breadcrumbs_links_color":"","ocean_breadcrumbs_links_hover_color":"","ocean_display_footer_widgets":"default","ocean_display_footer_bottom":"default","ocean_custom_footer_template":"","footnotes":""},"class_list":["post-1147","page","type-page","status-publish","hentry","entry"],"_links":{"self":[{"href":"https:\/\/winnerorganisations.com\/v1\/index.php\/wp-json\/wp\/v2\/pages\/1147","targetHints":{"allow":["GET"]}}],"collection":[{"href":"https:\/\/winnerorganisations.com\/v1\/index.php\/wp-json\/wp\/v2\/pages"}],"about":[{"href":"https:\/\/winnerorganisations.com\/v1\/index.php\/wp-json\/wp\/v2\/types\/page"}],"author":[{"embeddable":true,"href":"https:\/\/winnerorganisations.com\/v1\/index.php\/wp-json\/wp\/v2\/users\/1"}],"replies":[{"embeddable":true,"href":"https:\/\/winnerorganisations.com\/v1\/index.php\/wp-json\/wp\/v2\/comments?post=1147"}],"version-history":[{"count":7,"href":"https:\/\/winnerorganisations.com\/v1\/index.php\/wp-json\/wp\/v2\/pages\/1147\/revisions"}],"predecessor-version":[{"id":1163,"href":"https:\/\/winnerorganisations.com\/v1\/index.php\/wp-json\/wp\/v2\/pages\/1147\/revisions\/1163"}],"wp:attachment":[{"href":"https:\/\/winnerorganisations.com\/v1\/index.php\/wp-json\/wp\/v2\/media?parent=1147"}],"curies":[{"name":"wp","href":"https:\/\/api.w.org\/{rel}","templated":true}]}}